{"id":29948,"date":"2023-08-01T00:31:53","date_gmt":"2023-07-31T21:31:53","guid":{"rendered":"https:\/\/karcher-center-palaiologos.gr\/product\/oscillating-sprinkler-os-3-220\/"},"modified":"2023-12-03T22:31:25","modified_gmt":"2023-12-03T19:31:25","slug":"oscillating-sprinkler-os-3-220","status":"publish","type":"product","link":"https:\/\/eshop.karcher-center-palaiologos.gr\/en\/product\/oscillating-sprinkler-os-3-220\/","title":{"rendered":"Oscillating sprinkler OS 3.220"},"content":{"rendered":"<p>The oscillating sprinkler OS 3.220 is used for watering medium-sized and large areas and gardens. The range of the oscillating sprinkler can be set and adjusted continuously as required &#8211; with a maximum watering area of 220 square metres. The innovative circular sprinkler is equipped with a particularly long-lasting gear. Depending on the requirement, the sprinklers from K\u00e4rcher can be equipped with either spikes or sleds. This means that the new oscillating sprinkler from K\u00e4rcher is now even more user-friendly overall. Of course, the sprinklers from K\u00e4rcher are all equipped with the tried-and-tested hook-and-loop system and can be easily connected to a garden hose. K\u00e4rcher: The wise choice for your watering needs.<\/p>\n","protected":false},"excerpt":{"rendered":"<p>Oscillating sprinkler OS 3.220 for watering medium-sized and large areas and gardens. Infinite coverage adjustment. Extremely durable gear drive. Maximum coverage: 220 m2<\/p>\n","protected":false},"featured_media":11919,"comment_status":"closed","ping_status":"open","template":"","meta":{"site-sidebar-layout":"default","site-content-layout":"","ast-site-content-layout":"","site-content-style":"default","site-sidebar-style":"default","ast-global-header-display":"","ast-banner-title-visibility":"","ast-main-header-display":"","ast-hfb-above-header-display":"","ast-hfb-below-header-display":"","ast-hfb-mobile-header-display":"","site-post-title":"","ast-breadcrumbs-content":"","ast-featured-img":"","footer-sml-layout":"","theme-transparent-header-meta":"","adv-header-id-meta":"","stick-header-meta":"","header-above-stick-meta":"","header-main-stick-meta":"","header-below-stick-meta":"","astra-migrate-meta-layouts":"","ast-page-background-enabled":"default","ast-page-background-meta":{"desktop":{"background-color":"var(--ast-global-color-4)","background-image":"","background-repeat":"repeat","background-position":"center center","background-size":"auto","background-attachment":"scroll","background-type":"","background-media":"","overlay-type":"","overlay-color":"","overlay-gradient":""},"tablet":{"background-color":"","background-image":"","background-repeat":"repeat","background-position":"center center","background-size":"auto","background-attachment":"scroll","background-type":"","background-media":"","overlay-type":"","overlay-color":"","overlay-gradient":""},"mobile":{"background-color":"","background-image":"","background-repeat":"repeat","background-position":"center center","background-size":"auto","background-attachment":"scroll","background-type":"","background-media":"","overlay-type":"","overlay-color":"","overlay-gradient":""}},"ast-content-background-meta":{"desktop":{"background-color":"var(--ast-global-color-5)","background-image":"","background-repeat":"repeat","background-position":"center center","background-size":"auto","background-attachment":"scroll","background-type":"","background-media":"","overlay-type":"","overlay-color":"","overlay-gradient":""},"tablet":{"background-color":"var(--ast-global-color-5)","background-image":"","background-repeat":"repeat","background-position":"center center","background-size":"auto","background-attachment":"scroll","background-type":"","background-media":"","overlay-type":"","overlay-color":"","overlay-gradient":""},"mobile":{"background-color":"var(--ast-global-color-5)","background-image":"","background-repeat":"repeat","background-position":"center center","background-size":"auto","background-attachment":"scroll","background-type":"","background-media":"","overlay-type":"","overlay-color":"","overlay-gradient":""}}},"product_cat":[10099],"product_tag":[],"class_list":["post-29948","product","type-product","status-publish","has-post-thumbnail","hentry","product_cat-sprinklers","pa_area-coverage-2-bar-5-14m","pa_area-coverage-4-bar-6-17m","pa_dimensions-l-x-w-x-h-450-x-136-x-86mm","pa_sprinkling-area-2-bar-45-120-m","pa_sprinkling-area-4-bar-80-220-m","pa_weight-0-4kg","pa_weight-incl-packaging-0-5kg","pa_width-of-spray-2-bar-9m","pa_width-of-spray-4-bar-13m","desktop-align-left","tablet-align-left","mobile-align-left"],"acf":[],"yoast_head":"<!-- This site is optimized with the Yoast SEO plugin v21.5 - https:\/\/yoast.com\/wordpress\/plugins\/seo\/ -->\n<title>Oscillating sprinkler OS 3.220<\/title>\n<meta name=\"description\" content=\"Oscillating sprinkler OS 3.220 for watering medium-sized and large areas and gardens. Infinite coverage adjustment. Extremely durable gear drive. Maximum coverage: 220 m2\" \/>\n<meta name=\"robots\" content=\"noindex, follow, max-snippet:-1, max-image-preview:large, max-video-preview:-1\" \/>\n<meta property=\"og:locale\" content=\"en_US\" \/>\n<meta property=\"og:type\" content=\"article\" \/>\n<meta property=\"og:title\" content=\"Oscillating sprinkler OS 3.220\" \/>\n<meta property=\"og:description\" content=\"Oscillating sprinkler OS 3.220 for watering medium-sized and large areas and gardens. Infinite coverage adjustment. Extremely durable gear drive. Maximum coverage: 220 m2\" \/>\n<meta property=\"og:url\" content=\"https:\/\/eshop.karcher-center-palaiologos.gr\/en\/product\/oscillating-sprinkler-os-3-220\/\" \/>\n<meta property=\"og:site_name\" content=\"Karcher Center Palaiologos\" \/>\n<meta property=\"article:modified_time\" content=\"2023-12-03T19:31:25+00:00\" \/>\n<meta property=\"og:image\" content=\"https:\/\/eshop.karcher-center-palaiologos.gr\/wp-content\/uploads\/2022\/07\/26451330_dd_1_2000x2000px.jpg\" \/>\n\t<meta property=\"og:image:width\" content=\"2000\" \/>\n\t<meta property=\"og:image:height\" content=\"2000\" \/>\n\t<meta property=\"og:image:type\" content=\"image\/jpeg\" \/>\n<meta name=\"twitter:card\" content=\"summary_large_image\" \/>\n<meta name=\"twitter:title\" content=\"Oscillating sprinkler OS 3.220\" \/>\n<meta name=\"twitter:label1\" content=\"Est. reading time\" \/>\n\t<meta name=\"twitter:data1\" content=\"1 minute\" \/>\n<script type=\"application\/ld+json\" class=\"yoast-schema-graph\">{\"@context\":\"https:\/\/schema.org\",\"@graph\":[{\"@type\":\"WebPage\",\"@id\":\"https:\/\/eshop.karcher-center-palaiologos.gr\/en\/product\/oscillating-sprinkler-os-3-220\/\",\"url\":\"https:\/\/eshop.karcher-center-palaiologos.gr\/en\/product\/oscillating-sprinkler-os-3-220\/\",\"name\":\"Oscillating sprinkler OS 3.220\",\"isPartOf\":{\"@id\":\"https:\/\/eshop.karcher-center-palaiologos.gr\/en\/#website\"},\"datePublished\":\"2023-07-31T21:31:53+00:00\",\"dateModified\":\"2023-12-03T19:31:25+00:00\",\"description\":\"Oscillating sprinkler OS 3.220 for watering medium-sized and large areas and gardens. Infinite coverage adjustment. Extremely durable gear drive. Maximum coverage: 220 m2\",\"breadcrumb\":{\"@id\":\"https:\/\/eshop.karcher-center-palaiologos.gr\/en\/product\/oscillating-sprinkler-os-3-220\/#breadcrumb\"},\"inLanguage\":\"en-US\",\"potentialAction\":[{\"@type\":\"ReadAction\",\"target\":[\"https:\/\/eshop.karcher-center-palaiologos.gr\/en\/product\/oscillating-sprinkler-os-3-220\/\"]}]},{\"@type\":\"BreadcrumbList\",\"@id\":\"https:\/\/eshop.karcher-center-palaiologos.gr\/en\/product\/oscillating-sprinkler-os-3-220\/#breadcrumb\",\"itemListElement\":[{\"@type\":\"ListItem\",\"position\":1,\"name\":\"\u0391\u03c1\u03c7\u03b9\u03ba\u03ae\",\"item\":\"https:\/\/eshop.karcher-center-palaiologos.gr\/en\/\"},{\"@type\":\"ListItem\",\"position\":2,\"name\":\"Shop\",\"item\":\"https:\/\/eshop.karcher-center-palaiologos.gr\/shop\/\"},{\"@type\":\"ListItem\",\"position\":3,\"name\":\"Oscillating sprinkler OS 3.220\"}]},{\"@type\":\"WebSite\",\"@id\":\"https:\/\/eshop.karcher-center-palaiologos.gr\/en\/#website\",\"url\":\"https:\/\/eshop.karcher-center-palaiologos.gr\/en\/\",\"name\":\"Karcher Center Palaiologos\",\"description\":\"Karcher Center B2B\",\"potentialAction\":[{\"@type\":\"SearchAction\",\"target\":{\"@type\":\"EntryPoint\",\"urlTemplate\":\"https:\/\/eshop.karcher-center-palaiologos.gr\/en\/?s={search_term_string}\"},\"query-input\":\"required name=search_term_string\"}],\"inLanguage\":\"en-US\"}]}<\/script>\n<!-- \/ Yoast SEO plugin. -->","yoast_head_json":{"title":"Oscillating sprinkler OS 3.220","description":"Oscillating sprinkler OS 3.220 for watering medium-sized and large areas and gardens. Infinite coverage adjustment. Extremely durable gear drive. Maximum coverage: 220 m2","robots":{"index":"noindex","follow":"follow","max-snippet":"max-snippet:-1","max-image-preview":"max-image-preview:large","max-video-preview":"max-video-preview:-1"},"og_locale":"en_US","og_type":"article","og_title":"Oscillating sprinkler OS 3.220","og_description":"Oscillating sprinkler OS 3.220 for watering medium-sized and large areas and gardens. Infinite coverage adjustment. Extremely durable gear drive. Maximum coverage: 220 m2","og_url":"https:\/\/eshop.karcher-center-palaiologos.gr\/en\/product\/oscillating-sprinkler-os-3-220\/","og_site_name":"Karcher Center Palaiologos","article_modified_time":"2023-12-03T19:31:25+00:00","og_image":[{"width":2000,"height":2000,"url":"https:\/\/eshop.karcher-center-palaiologos.gr\/wp-content\/uploads\/2022\/07\/26451330_dd_1_2000x2000px.jpg","type":"image\/jpeg"}],"twitter_card":"summary_large_image","twitter_title":"Oscillating sprinkler OS 3.220","twitter_misc":{"Est. reading time":"1 minute"},"schema":{"@context":"https:\/\/schema.org","@graph":[{"@type":"WebPage","@id":"https:\/\/eshop.karcher-center-palaiologos.gr\/en\/product\/oscillating-sprinkler-os-3-220\/","url":"https:\/\/eshop.karcher-center-palaiologos.gr\/en\/product\/oscillating-sprinkler-os-3-220\/","name":"Oscillating sprinkler OS 3.220","isPartOf":{"@id":"https:\/\/eshop.karcher-center-palaiologos.gr\/en\/#website"},"datePublished":"2023-07-31T21:31:53+00:00","dateModified":"2023-12-03T19:31:25+00:00","description":"Oscillating sprinkler OS 3.220 for watering medium-sized and large areas and gardens. Infinite coverage adjustment. Extremely durable gear drive. Maximum coverage: 220 m2","breadcrumb":{"@id":"https:\/\/eshop.karcher-center-palaiologos.gr\/en\/product\/oscillating-sprinkler-os-3-220\/#breadcrumb"},"inLanguage":"en-US","potentialAction":[{"@type":"ReadAction","target":["https:\/\/eshop.karcher-center-palaiologos.gr\/en\/product\/oscillating-sprinkler-os-3-220\/"]}]},{"@type":"BreadcrumbList","@id":"https:\/\/eshop.karcher-center-palaiologos.gr\/en\/product\/oscillating-sprinkler-os-3-220\/#breadcrumb","itemListElement":[{"@type":"ListItem","position":1,"name":"\u0391\u03c1\u03c7\u03b9\u03ba\u03ae","item":"https:\/\/eshop.karcher-center-palaiologos.gr\/en\/"},{"@type":"ListItem","position":2,"name":"Shop","item":"https:\/\/eshop.karcher-center-palaiologos.gr\/shop\/"},{"@type":"ListItem","position":3,"name":"Oscillating sprinkler OS 3.220"}]},{"@type":"WebSite","@id":"https:\/\/eshop.karcher-center-palaiologos.gr\/en\/#website","url":"https:\/\/eshop.karcher-center-palaiologos.gr\/en\/","name":"Karcher Center Palaiologos","description":"Karcher Center B2B","potentialAction":[{"@type":"SearchAction","target":{"@type":"EntryPoint","urlTemplate":"https:\/\/eshop.karcher-center-palaiologos.gr\/en\/?s={search_term_string}"},"query-input":"required name=search_term_string"}],"inLanguage":"en-US"}]}},"_links":{"self":[{"href":"https:\/\/eshop.karcher-center-palaiologos.gr\/en\/wp-json\/wp\/v2\/product\/29948","targetHints":{"allow":["GET"]}}],"collection":[{"href":"https:\/\/eshop.karcher-center-palaiologos.gr\/en\/wp-json\/wp\/v2\/product"}],"about":[{"href":"https:\/\/eshop.karcher-center-palaiologos.gr\/en\/wp-json\/wp\/v2\/types\/product"}],"replies":[{"embeddable":true,"href":"https:\/\/eshop.karcher-center-palaiologos.gr\/en\/wp-json\/wp\/v2\/comments?post=29948"}],"wp:featuredmedia":[{"embeddable":true,"href":"https:\/\/eshop.karcher-center-palaiologos.gr\/en\/wp-json\/wp\/v2\/media\/11919"}],"wp:attachment":[{"href":"https:\/\/eshop.karcher-center-palaiologos.gr\/en\/wp-json\/wp\/v2\/media?parent=29948"}],"wp:term":[{"taxonomy":"product_cat","embeddable":true,"href":"https:\/\/eshop.karcher-center-palaiologos.gr\/en\/wp-json\/wp\/v2\/product_cat?post=29948"},{"taxonomy":"product_tag","embeddable":true,"href":"https:\/\/eshop.karcher-center-palaiologos.gr\/en\/wp-json\/wp\/v2\/product_tag?post=29948"}],"curies":[{"name":"wp","href":"https:\/\/api.w.org\/{rel}","templated":true}]}}