{"id":26956,"date":"2023-07-25T22:34:38","date_gmt":"2023-07-25T19:34:38","guid":{"rendered":"https:\/\/karcher-center-palaiologos.gr\/product\/empty-cabinet\/"},"modified":"2023-10-08T19:38:35","modified_gmt":"2023-10-08T16:38:35","slug":"empty-cabinet","status":"publish","type":"product","link":"https:\/\/eshop.karcher-center-palaiologos.gr\/en\/product\/empty-cabinet\/","title":{"rendered":"Empty cabinet"},"content":{"rendered":"<p>Compact additional stainless steel cabinet measuring 845 \u00d7 725 \u00d7 1360 mm (L \u00d7 W \u00d7 H) for storing accessories, cleaning agents or tools.<\/p>\n","protected":false},"excerpt":{"rendered":"<p>Compact additional stainless steel cabinet measuring 845 \u00d7 725 \u00d7 1360 mm (L \u00d7 W \u00d7 H) for storing accessories, cleaning agents or tools.<\/p>\n","protected":false},"featured_media":11661,"comment_status":"closed","ping_status":"open","template":"","meta":{"site-sidebar-layout":"default","site-content-layout":"","ast-site-content-layout":"","site-content-style":"default","site-sidebar-style":"default","ast-global-header-display":"","ast-banner-title-visibility":"","ast-main-header-display":"","ast-hfb-above-header-display":"","ast-hfb-below-header-display":"","ast-hfb-mobile-header-display":"","site-post-title":"","ast-breadcrumbs-content":"","ast-featured-img":"","footer-sml-layout":"","theme-transparent-header-meta":"","adv-header-id-meta":"","stick-header-meta":"","header-above-stick-meta":"","header-main-stick-meta":"","header-below-stick-meta":"","astra-migrate-meta-layouts":"","ast-page-background-enabled":"default","ast-page-background-meta":{"desktop":{"background-color":"var(--ast-global-color-4)","background-image":"","background-repeat":"repeat","background-position":"center center","background-size":"auto","background-attachment":"scroll","background-type":"","background-media":"","overlay-type":"","overlay-color":"","overlay-gradient":""},"tablet":{"background-color":"","background-image":"","background-repeat":"repeat","background-position":"center center","background-size":"auto","background-attachment":"scroll","background-type":"","background-media":"","overlay-type":"","overlay-color":"","overlay-gradient":""},"mobile":{"background-color":"","background-image":"","background-repeat":"repeat","background-position":"center center","background-size":"auto","background-attachment":"scroll","background-type":"","background-media":"","overlay-type":"","overlay-color":"","overlay-gradient":""}},"ast-content-background-meta":{"desktop":{"background-color":"var(--ast-global-color-5)","background-image":"","background-repeat":"repeat","background-position":"center center","background-size":"auto","background-attachment":"scroll","background-type":"","background-media":"","overlay-type":"","overlay-color":"","overlay-gradient":""},"tablet":{"background-color":"var(--ast-global-color-5)","background-image":"","background-repeat":"repeat","background-position":"center center","background-size":"auto","background-attachment":"scroll","background-type":"","background-media":"","overlay-type":"","overlay-color":"","overlay-gradient":""},"mobile":{"background-color":"var(--ast-global-color-5)","background-image":"","background-repeat":"repeat","background-position":"center center","background-size":"auto","background-attachment":"scroll","background-type":"","background-media":"","overlay-type":"","overlay-color":"","overlay-gradient":""}}},"product_cat":[10498],"product_tag":[],"class_list":["post-26956","product","type-product","status-publish","has-post-thumbnail","hentry","product_cat-empty-cabinet","pa_dimensions-l-x-w-x-h-975-x-935-x-1530mm","pa_weight-75-6kg","pa_weight-incl-packaging-101-5kg","desktop-align-left","tablet-align-left","mobile-align-left"],"acf":[],"yoast_head":"<!-- This site is optimized with the Yoast SEO plugin v21.5 - https:\/\/yoast.com\/wordpress\/plugins\/seo\/ -->\n<title>Empty cabinet<\/title>\n<meta name=\"description\" content=\"Compact additional stainless steel cabinet measuring 845 \u00d7 725 \u00d7 1360 mm (L \u00d7 W \u00d7 H) for storing accessories, cleaning agents or tools.\" \/>\n<meta name=\"robots\" content=\"noindex, follow, max-snippet:-1, max-image-preview:large, max-video-preview:-1\" \/>\n<meta property=\"og:locale\" content=\"en_US\" \/>\n<meta property=\"og:type\" content=\"article\" \/>\n<meta property=\"og:title\" content=\"Empty cabinet\" \/>\n<meta property=\"og:description\" content=\"Compact additional stainless steel cabinet measuring 845 \u00d7 725 \u00d7 1360 mm (L \u00d7 W \u00d7 H) for storing accessories, cleaning agents or tools.\" \/>\n<meta property=\"og:url\" content=\"https:\/\/eshop.karcher-center-palaiologos.gr\/en\/product\/empty-cabinet\/\" \/>\n<meta property=\"og:site_name\" content=\"Karcher Center Palaiologos\" \/>\n<meta property=\"article:modified_time\" content=\"2023-10-08T16:38:35+00:00\" \/>\n<meta property=\"og:image\" content=\"https:\/\/eshop.karcher-center-palaiologos.gr\/wp-content\/uploads\/2022\/07\/3640269_std_1_2000x2000px.jpg\" \/>\n\t<meta property=\"og:image:width\" content=\"2000\" \/>\n\t<meta property=\"og:image:height\" content=\"2000\" \/>\n\t<meta property=\"og:image:type\" content=\"image\/jpeg\" \/>\n<meta name=\"twitter:card\" content=\"summary_large_image\" \/>\n<meta name=\"twitter:title\" content=\"Empty cabinet\" \/>\n<script type=\"application\/ld+json\" class=\"yoast-schema-graph\">{\"@context\":\"https:\/\/schema.org\",\"@graph\":[{\"@type\":\"WebPage\",\"@id\":\"https:\/\/eshop.karcher-center-palaiologos.gr\/en\/product\/empty-cabinet\/\",\"url\":\"https:\/\/eshop.karcher-center-palaiologos.gr\/en\/product\/empty-cabinet\/\",\"name\":\"Empty cabinet\",\"isPartOf\":{\"@id\":\"https:\/\/eshop.karcher-center-palaiologos.gr\/en\/#website\"},\"datePublished\":\"2023-07-25T19:34:38+00:00\",\"dateModified\":\"2023-10-08T16:38:35+00:00\",\"description\":\"Compact additional stainless steel cabinet measuring 845 \u00d7 725 \u00d7 1360 mm (L \u00d7 W \u00d7 H) for storing accessories, cleaning agents or tools.\",\"breadcrumb\":{\"@id\":\"https:\/\/eshop.karcher-center-palaiologos.gr\/en\/product\/empty-cabinet\/#breadcrumb\"},\"inLanguage\":\"en-US\",\"potentialAction\":[{\"@type\":\"ReadAction\",\"target\":[\"https:\/\/eshop.karcher-center-palaiologos.gr\/en\/product\/empty-cabinet\/\"]}]},{\"@type\":\"BreadcrumbList\",\"@id\":\"https:\/\/eshop.karcher-center-palaiologos.gr\/en\/product\/empty-cabinet\/#breadcrumb\",\"itemListElement\":[{\"@type\":\"ListItem\",\"position\":1,\"name\":\"\u0391\u03c1\u03c7\u03b9\u03ba\u03ae\",\"item\":\"https:\/\/eshop.karcher-center-palaiologos.gr\/en\/\"},{\"@type\":\"ListItem\",\"position\":2,\"name\":\"Shop\",\"item\":\"https:\/\/eshop.karcher-center-palaiologos.gr\/shop\/\"},{\"@type\":\"ListItem\",\"position\":3,\"name\":\"Empty cabinet\"}]},{\"@type\":\"WebSite\",\"@id\":\"https:\/\/eshop.karcher-center-palaiologos.gr\/en\/#website\",\"url\":\"https:\/\/eshop.karcher-center-palaiologos.gr\/en\/\",\"name\":\"Karcher Center Palaiologos\",\"description\":\"Karcher Center B2B\",\"potentialAction\":[{\"@type\":\"SearchAction\",\"target\":{\"@type\":\"EntryPoint\",\"urlTemplate\":\"https:\/\/eshop.karcher-center-palaiologos.gr\/en\/?s={search_term_string}\"},\"query-input\":\"required name=search_term_string\"}],\"inLanguage\":\"en-US\"}]}<\/script>\n<!-- \/ Yoast SEO plugin. -->","yoast_head_json":{"title":"Empty cabinet","description":"Compact additional stainless steel cabinet measuring 845 \u00d7 725 \u00d7 1360 mm (L \u00d7 W \u00d7 H) for storing accessories, cleaning agents or tools.","robots":{"index":"noindex","follow":"follow","max-snippet":"max-snippet:-1","max-image-preview":"max-image-preview:large","max-video-preview":"max-video-preview:-1"},"og_locale":"en_US","og_type":"article","og_title":"Empty cabinet","og_description":"Compact additional stainless steel cabinet measuring 845 \u00d7 725 \u00d7 1360 mm (L \u00d7 W \u00d7 H) for storing accessories, cleaning agents or tools.","og_url":"https:\/\/eshop.karcher-center-palaiologos.gr\/en\/product\/empty-cabinet\/","og_site_name":"Karcher Center Palaiologos","article_modified_time":"2023-10-08T16:38:35+00:00","og_image":[{"width":2000,"height":2000,"url":"https:\/\/eshop.karcher-center-palaiologos.gr\/wp-content\/uploads\/2022\/07\/3640269_std_1_2000x2000px.jpg","type":"image\/jpeg"}],"twitter_card":"summary_large_image","twitter_title":"Empty cabinet","schema":{"@context":"https:\/\/schema.org","@graph":[{"@type":"WebPage","@id":"https:\/\/eshop.karcher-center-palaiologos.gr\/en\/product\/empty-cabinet\/","url":"https:\/\/eshop.karcher-center-palaiologos.gr\/en\/product\/empty-cabinet\/","name":"Empty cabinet","isPartOf":{"@id":"https:\/\/eshop.karcher-center-palaiologos.gr\/en\/#website"},"datePublished":"2023-07-25T19:34:38+00:00","dateModified":"2023-10-08T16:38:35+00:00","description":"Compact additional stainless steel cabinet measuring 845 \u00d7 725 \u00d7 1360 mm (L \u00d7 W \u00d7 H) for storing accessories, cleaning agents or tools.","breadcrumb":{"@id":"https:\/\/eshop.karcher-center-palaiologos.gr\/en\/product\/empty-cabinet\/#breadcrumb"},"inLanguage":"en-US","potentialAction":[{"@type":"ReadAction","target":["https:\/\/eshop.karcher-center-palaiologos.gr\/en\/product\/empty-cabinet\/"]}]},{"@type":"BreadcrumbList","@id":"https:\/\/eshop.karcher-center-palaiologos.gr\/en\/product\/empty-cabinet\/#breadcrumb","itemListElement":[{"@type":"ListItem","position":1,"name":"\u0391\u03c1\u03c7\u03b9\u03ba\u03ae","item":"https:\/\/eshop.karcher-center-palaiologos.gr\/en\/"},{"@type":"ListItem","position":2,"name":"Shop","item":"https:\/\/eshop.karcher-center-palaiologos.gr\/shop\/"},{"@type":"ListItem","position":3,"name":"Empty cabinet"}]},{"@type":"WebSite","@id":"https:\/\/eshop.karcher-center-palaiologos.gr\/en\/#website","url":"https:\/\/eshop.karcher-center-palaiologos.gr\/en\/","name":"Karcher Center Palaiologos","description":"Karcher Center B2B","potentialAction":[{"@type":"SearchAction","target":{"@type":"EntryPoint","urlTemplate":"https:\/\/eshop.karcher-center-palaiologos.gr\/en\/?s={search_term_string}"},"query-input":"required name=search_term_string"}],"inLanguage":"en-US"}]}},"_links":{"self":[{"href":"https:\/\/eshop.karcher-center-palaiologos.gr\/en\/wp-json\/wp\/v2\/product\/26956","targetHints":{"allow":["GET"]}}],"collection":[{"href":"https:\/\/eshop.karcher-center-palaiologos.gr\/en\/wp-json\/wp\/v2\/product"}],"about":[{"href":"https:\/\/eshop.karcher-center-palaiologos.gr\/en\/wp-json\/wp\/v2\/types\/product"}],"replies":[{"embeddable":true,"href":"https:\/\/eshop.karcher-center-palaiologos.gr\/en\/wp-json\/wp\/v2\/comments?post=26956"}],"wp:featuredmedia":[{"embeddable":true,"href":"https:\/\/eshop.karcher-center-palaiologos.gr\/en\/wp-json\/wp\/v2\/media\/11661"}],"wp:attachment":[{"href":"https:\/\/eshop.karcher-center-palaiologos.gr\/en\/wp-json\/wp\/v2\/media?parent=26956"}],"wp:term":[{"taxonomy":"product_cat","embeddable":true,"href":"https:\/\/eshop.karcher-center-palaiologos.gr\/en\/wp-json\/wp\/v2\/product_cat?post=26956"},{"taxonomy":"product_tag","embeddable":true,"href":"https:\/\/eshop.karcher-center-palaiologos.gr\/en\/wp-json\/wp\/v2\/product_tag?post=26956"}],"curies":[{"name":"wp","href":"https:\/\/api.w.org\/{rel}","templated":true}]}}